{"id":24836,"date":"2025-09-29T09:30:32","date_gmt":"2025-09-29T07:30:32","guid":{"rendered":"https:\/\/staging.gazfio.eu\/pietro-fiorentini-group\/"},"modified":"2026-04-07T14:58:24","modified_gmt":"2026-04-07T12:58:24","slug":"group-pf","status":"publish","type":"page","link":"https:\/\/staging.gazfio.eu\/fr\/group-pf\/","title":{"rendered":"GROUP PF"},"content":{"rendered":"\n<p style=\"font-size:23px\"><strong><mark style=\"background-color:rgba(0, 0, 0, 0);color:#199782\" class=\"has-inline-color\"><strong>NOTRE HISTOIRE : D&rsquo;UNE ENTREPRISE FAMILIALE ITALIENNE \u00c0 UNE ENTREPRISE MULTINATIONALE<\/strong><\/mark><\/strong><\/p>\n\n\n\n<p>Pietro Fiorentini SpA a \u00e9t\u00e9 fond\u00e9e en Italie en 1940. Aujourd&rsquo;hui, en plus de son si\u00e8ge social \u00e0 Arcugnano (Vicence), le Groupe Pietro Fiorentini poss\u00e8de 40 sites commerciaux et de production, en Italie et \u00e0 l&rsquo;\u00e9tranger, et emploie environ 2300 personnes dans le monde entier, avec un r\u00e9seau de distribution couvrant plus de 100 pays sur tous les continents.<\/p>\n\n\n\n<div style=\"height:30px\" aria-hidden=\"true\" class=\"wp-block-spacer\"><\/div>\n\n\n\n<p style=\"font-size:23px\"><strong><mark style=\"background-color:rgba(0, 0, 0, 0);color:#199782\" class=\"has-inline-color\">MISE \u00c0 JOUR CONSTANTE<\/mark><\/strong><\/p>\n\n\n\n<p>La production se concentre sur une grande vari\u00e9t\u00e9 de solutions technologiques avanc\u00e9es pour l&rsquo;ensemble de la cha\u00eene d&rsquo;approvisionnement en gaz naturel : des composants et services impliqu\u00e9s dans les r\u00e9seaux de distribution et de transport \u00e0 une gamme de solutions techniques comprenant des vannes, des d\u00e9bitm\u00e8tres multiphases, des usines de traitement, des postes de d\u00e9tente et de comptage (PDC).<\/p>\n\n\n\n<p><br>Au cours de la derni\u00e8re d\u00e9cennie, l&rsquo;entreprise a investi massivement dans la R&amp;D, les fusions et acquisitions (F&amp;A), et dans ses usines et syst\u00e8mes de production. En cons\u00e9quence, elle occupe d\u00e9sormais une position de leader dans le domaine des compteurs intelligents, ainsi que dans r\u00e9seaux intelligents en g\u00e9n\u00e9ral, et est en mesure de proposer des solutions compl\u00e8tes. Des solutions de pointe gr\u00e2ce \u00e0 la combinaison du savoir-faire m\u00e9canique et \u00e9lectronique avec les solutions logicielles fournies par sa filiale Terranova.<\/p>\n\n\n\n<div class=\"download-btn\" style=\"color:#fff;margin:30px 0 30px;\">\n  <a style=\"color:#fff;text-decoration:none;\" href=\"https:\/\/staging.gazfio.eu\/fr\/pietro-fiorentini-group\/companies-and-brands\/\" class=\"btn btn-big\">\n    <span>Soci\u00e9t\u00e9s et marques du Groupe<\/span>\n  <\/a>\n<\/div>\n<div class=\"download-btn\" style=\"color:#fff;margin:30px 0 30px;\">\n  <a style=\"color:#fff;text-decoration:none;\" href=\"https:\/\/staging.gazfio.eu\/fr\/contact-us\/\" class=\"btn btn-big\">\n    <span>Nous contacter<\/span>\n  <\/a>\n<\/div>\n\n\n\n<p>Derni\u00e8rement, dans le domaine de la transition \u00e9nerg\u00e9tique, le Groupe acc\u00e9l\u00e8re ses efforts pour saisir de nouvelles opportunit\u00e9s li\u00e9es aux sources d&rsquo;\u00e9nergie verte, tels que le biom\u00e9thane, l\u2019hydrog\u00e8ne et les e-carburants. Le Groupe \u00e9largit \u00e9galement ses horizons au comptage de l\u2019eau, \u00e0 la digitalisation du cycle de l\u2019eau et au secteur environnemental.<\/p>\n\n\n\n<p><br>Nos clients sont la base de notre travail quotidien dans le cadre d&rsquo;une approche ax\u00e9e sur le client qui n\u2019implique pas une simple focalisation sur la qualit\u00e9 du produit ou l\u2019optimisation des processus, mais qui est intimement li\u00e9e \u00e0 tous les autres \u00e9l\u00e9ments (assistance technique, services de maintenance, logistique, information et communication) qui distinguent notre relation avec eux.<\/p>\n\n\n\n<div style=\"height:50px\" aria-hidden=\"true\" class=\"wp-block-spacer\"><\/div>\n","protected":false},"excerpt":{"rendered":"<p>NOTRE HISTOIRE : D&rsquo;UNE ENTREPRISE FAMILIALE ITALIENNE \u00c0 UNE ENTREPRISE MULTINATIONALE Pietro Fiorentini SpA a \u00e9t\u00e9 fond\u00e9e en Italie en 1940. Aujourd&rsquo;hui, en plus de son si\u00e8ge social \u00e0 Arcugnano (Vicence), le Groupe Pietro Fiorentini poss\u00e8de 40 sites commerciaux et de production, en Italie et \u00e0 l&rsquo;\u00e9tranger, et emploie environ 2300 personnes dans le monde [&hellip;]<\/p>\n","protected":false},"author":20,"featured_media":24837,"parent":0,"menu_order":0,"comment_status":"closed","ping_status":"closed","template":"template-pf-group.php","meta":{"_acf_changed":false,"inline_featured_image":false,"footnotes":""},"class_list":["post-24836","page","type-page","status-publish","has-post-thumbnail","hentry"],"acf":[],"yoast_head":"<!-- This site is optimized with the Yoast SEO plugin v27.2 - https:\/\/yoast.com\/product\/yoast-seo-wordpress\/ -->\n<title>GROUP PF - Pietro Fiorentini<\/title>\n<meta name=\"robots\" content=\"index, follow, max-snippet:-1, max-image-preview:large, max-video-preview:-1\" \/>\n<link rel=\"canonical\" href=\"https:\/\/staging.gazfio.eu\/fr\/group-pf\/\" \/>\n<meta property=\"og:locale\" content=\"fr_FR\" \/>\n<meta property=\"og:type\" content=\"article\" \/>\n<meta property=\"og:title\" content=\"GROUP PF - Pietro Fiorentini\" \/>\n<meta property=\"og:description\" content=\"NOTRE HISTOIRE : D&rsquo;UNE ENTREPRISE FAMILIALE ITALIENNE \u00c0 UNE ENTREPRISE MULTINATIONALE Pietro Fiorentini SpA a \u00e9t\u00e9 fond\u00e9e en Italie en 1940. Aujourd&rsquo;hui, en plus de son si\u00e8ge social \u00e0 Arcugnano (Vicence), le Groupe Pietro Fiorentini poss\u00e8de 40 sites commerciaux et de production, en Italie et \u00e0 l&rsquo;\u00e9tranger, et emploie environ 2300 personnes dans le monde [&hellip;]\" \/>\n<meta property=\"og:url\" content=\"https:\/\/staging.gazfio.eu\/fr\/group-pf\/\" \/>\n<meta property=\"og:site_name\" content=\"Pietro Fiorentini\" \/>\n<meta property=\"article:modified_time\" content=\"2026-04-07T12:58:24+00:00\" \/>\n<meta property=\"og:image\" content=\"https:\/\/staging.gazfio.eu\/wp-content\/uploads\/2025\/09\/banner-PF-Group.jpg\" \/>\n\t<meta property=\"og:image:width\" content=\"2560\" \/>\n\t<meta property=\"og:image:height\" content=\"1190\" \/>\n\t<meta property=\"og:image:type\" content=\"image\/jpeg\" \/>\n<meta name=\"twitter:card\" content=\"summary_large_image\" \/>\n<meta name=\"twitter:site\" content=\"@FiorentiniSpa\" \/>\n<meta name=\"twitter:label1\" content=\"Dur\u00e9e de lecture estim\u00e9e\" \/>\n\t<meta name=\"twitter:data1\" content=\"2 minutes\" \/>\n<script type=\"application\/ld+json\" class=\"yoast-schema-graph\">{\"@context\":\"https:\/\/schema.org\",\"@graph\":[{\"@type\":\"WebPage\",\"@id\":\"https:\/\/staging.gazfio.eu\/fr\/group-pf\/\",\"url\":\"https:\/\/staging.gazfio.eu\/fr\/group-pf\/\",\"name\":\"GROUP PF - Pietro Fiorentini\",\"isPartOf\":{\"@id\":\"https:\/\/staging.gazfio.eu\/fr\/#website\"},\"primaryImageOfPage\":{\"@id\":\"https:\/\/staging.gazfio.eu\/fr\/group-pf\/#primaryimage\"},\"image\":{\"@id\":\"https:\/\/staging.gazfio.eu\/fr\/group-pf\/#primaryimage\"},\"thumbnailUrl\":\"https:\/\/staging.gazfio.eu\/wp-content\/uploads\/2025\/09\/banner-PF-Group.jpg\",\"datePublished\":\"2025-09-29T07:30:32+00:00\",\"dateModified\":\"2026-04-07T12:58:24+00:00\",\"breadcrumb\":{\"@id\":\"https:\/\/staging.gazfio.eu\/fr\/group-pf\/#breadcrumb\"},\"inLanguage\":\"fr-FR\",\"potentialAction\":[{\"@type\":\"ReadAction\",\"target\":[\"https:\/\/staging.gazfio.eu\/fr\/group-pf\/\"]}]},{\"@type\":\"ImageObject\",\"inLanguage\":\"fr-FR\",\"@id\":\"https:\/\/staging.gazfio.eu\/fr\/group-pf\/#primaryimage\",\"url\":\"https:\/\/staging.gazfio.eu\/wp-content\/uploads\/2025\/09\/banner-PF-Group.jpg\",\"contentUrl\":\"https:\/\/staging.gazfio.eu\/wp-content\/uploads\/2025\/09\/banner-PF-Group.jpg\",\"width\":2560,\"height\":1190},{\"@type\":\"BreadcrumbList\",\"@id\":\"https:\/\/staging.gazfio.eu\/fr\/group-pf\/#breadcrumb\",\"itemListElement\":[{\"@type\":\"ListItem\",\"position\":1,\"name\":\"Home\",\"item\":\"https:\/\/staging.gazfio.eu\/fr\/\"},{\"@type\":\"ListItem\",\"position\":2,\"name\":\"GROUP PF\"}]},{\"@type\":\"WebSite\",\"@id\":\"https:\/\/staging.gazfio.eu\/fr\/#website\",\"url\":\"https:\/\/staging.gazfio.eu\/fr\/\",\"name\":\"Pietro Fiorentini\",\"description\":\"\",\"publisher\":{\"@id\":\"https:\/\/staging.gazfio.eu\/fr\/#organization\"},\"potentialAction\":[{\"@type\":\"SearchAction\",\"target\":{\"@type\":\"EntryPoint\",\"urlTemplate\":\"https:\/\/staging.gazfio.eu\/fr\/?s={search_term_string}\"},\"query-input\":{\"@type\":\"PropertyValueSpecification\",\"valueRequired\":true,\"valueName\":\"search_term_string\"}}],\"inLanguage\":\"fr-FR\"},{\"@type\":\"Organization\",\"@id\":\"https:\/\/staging.gazfio.eu\/fr\/#organization\",\"name\":\"Pietro Fiorentini SpA\",\"url\":\"https:\/\/staging.gazfio.eu\/fr\/\",\"logo\":{\"@type\":\"ImageObject\",\"inLanguage\":\"fr-FR\",\"@id\":\"https:\/\/staging.gazfio.eu\/fr\/#\/schema\/logo\/image\/\",\"url\":\"https:\/\/www.fiorentini-usa.com\/wp-content\/uploads\/2020\/11\/logo.svg\",\"contentUrl\":\"https:\/\/www.fiorentini-usa.com\/wp-content\/uploads\/2020\/11\/logo.svg\",\"width\":227,\"height\":59,\"caption\":\"Pietro Fiorentini SpA\"},\"image\":{\"@id\":\"https:\/\/staging.gazfio.eu\/fr\/#\/schema\/logo\/image\/\"},\"sameAs\":[\"https:\/\/x.com\/FiorentiniSpa\"]}]}<\/script>\n<!-- \/ Yoast SEO plugin. -->","yoast_head_json":{"title":"GROUP PF - Pietro Fiorentini","robots":{"index":"index","follow":"follow","max-snippet":"max-snippet:-1","max-image-preview":"max-image-preview:large","max-video-preview":"max-video-preview:-1"},"canonical":"https:\/\/staging.gazfio.eu\/fr\/group-pf\/","og_locale":"fr_FR","og_type":"article","og_title":"GROUP PF - Pietro Fiorentini","og_description":"NOTRE HISTOIRE : D&rsquo;UNE ENTREPRISE FAMILIALE ITALIENNE \u00c0 UNE ENTREPRISE MULTINATIONALE Pietro Fiorentini SpA a \u00e9t\u00e9 fond\u00e9e en Italie en 1940. Aujourd&rsquo;hui, en plus de son si\u00e8ge social \u00e0 Arcugnano (Vicence), le Groupe Pietro Fiorentini poss\u00e8de 40 sites commerciaux et de production, en Italie et \u00e0 l&rsquo;\u00e9tranger, et emploie environ 2300 personnes dans le monde [&hellip;]","og_url":"https:\/\/staging.gazfio.eu\/fr\/group-pf\/","og_site_name":"Pietro Fiorentini","article_modified_time":"2026-04-07T12:58:24+00:00","og_image":[{"width":2560,"height":1190,"url":"https:\/\/staging.gazfio.eu\/wp-content\/uploads\/2025\/09\/banner-PF-Group.jpg","type":"image\/jpeg"}],"twitter_card":"summary_large_image","twitter_site":"@FiorentiniSpa","twitter_misc":{"Dur\u00e9e de lecture estim\u00e9e":"2 minutes"},"schema":{"@context":"https:\/\/schema.org","@graph":[{"@type":"WebPage","@id":"https:\/\/staging.gazfio.eu\/fr\/group-pf\/","url":"https:\/\/staging.gazfio.eu\/fr\/group-pf\/","name":"GROUP PF - Pietro Fiorentini","isPartOf":{"@id":"https:\/\/staging.gazfio.eu\/fr\/#website"},"primaryImageOfPage":{"@id":"https:\/\/staging.gazfio.eu\/fr\/group-pf\/#primaryimage"},"image":{"@id":"https:\/\/staging.gazfio.eu\/fr\/group-pf\/#primaryimage"},"thumbnailUrl":"https:\/\/staging.gazfio.eu\/wp-content\/uploads\/2025\/09\/banner-PF-Group.jpg","datePublished":"2025-09-29T07:30:32+00:00","dateModified":"2026-04-07T12:58:24+00:00","breadcrumb":{"@id":"https:\/\/staging.gazfio.eu\/fr\/group-pf\/#breadcrumb"},"inLanguage":"fr-FR","potentialAction":[{"@type":"ReadAction","target":["https:\/\/staging.gazfio.eu\/fr\/group-pf\/"]}]},{"@type":"ImageObject","inLanguage":"fr-FR","@id":"https:\/\/staging.gazfio.eu\/fr\/group-pf\/#primaryimage","url":"https:\/\/staging.gazfio.eu\/wp-content\/uploads\/2025\/09\/banner-PF-Group.jpg","contentUrl":"https:\/\/staging.gazfio.eu\/wp-content\/uploads\/2025\/09\/banner-PF-Group.jpg","width":2560,"height":1190},{"@type":"BreadcrumbList","@id":"https:\/\/staging.gazfio.eu\/fr\/group-pf\/#breadcrumb","itemListElement":[{"@type":"ListItem","position":1,"name":"Home","item":"https:\/\/staging.gazfio.eu\/fr\/"},{"@type":"ListItem","position":2,"name":"GROUP PF"}]},{"@type":"WebSite","@id":"https:\/\/staging.gazfio.eu\/fr\/#website","url":"https:\/\/staging.gazfio.eu\/fr\/","name":"Pietro Fiorentini","description":"","publisher":{"@id":"https:\/\/staging.gazfio.eu\/fr\/#organization"},"potentialAction":[{"@type":"SearchAction","target":{"@type":"EntryPoint","urlTemplate":"https:\/\/staging.gazfio.eu\/fr\/?s={search_term_string}"},"query-input":{"@type":"PropertyValueSpecification","valueRequired":true,"valueName":"search_term_string"}}],"inLanguage":"fr-FR"},{"@type":"Organization","@id":"https:\/\/staging.gazfio.eu\/fr\/#organization","name":"Pietro Fiorentini SpA","url":"https:\/\/staging.gazfio.eu\/fr\/","logo":{"@type":"ImageObject","inLanguage":"fr-FR","@id":"https:\/\/staging.gazfio.eu\/fr\/#\/schema\/logo\/image\/","url":"https:\/\/www.fiorentini-usa.com\/wp-content\/uploads\/2020\/11\/logo.svg","contentUrl":"https:\/\/www.fiorentini-usa.com\/wp-content\/uploads\/2020\/11\/logo.svg","width":227,"height":59,"caption":"Pietro Fiorentini SpA"},"image":{"@id":"https:\/\/staging.gazfio.eu\/fr\/#\/schema\/logo\/image\/"},"sameAs":["https:\/\/x.com\/FiorentiniSpa"]}]}},"_links":{"self":[{"href":"https:\/\/staging.gazfio.eu\/fr\/wp-json\/wp\/v2\/pages\/24836","targetHints":{"allow":["GET"]}}],"collection":[{"href":"https:\/\/staging.gazfio.eu\/fr\/wp-json\/wp\/v2\/pages"}],"about":[{"href":"https:\/\/staging.gazfio.eu\/fr\/wp-json\/wp\/v2\/types\/page"}],"author":[{"embeddable":true,"href":"https:\/\/staging.gazfio.eu\/fr\/wp-json\/wp\/v2\/users\/20"}],"replies":[{"embeddable":true,"href":"https:\/\/staging.gazfio.eu\/fr\/wp-json\/wp\/v2\/comments?post=24836"}],"version-history":[{"count":3,"href":"https:\/\/staging.gazfio.eu\/fr\/wp-json\/wp\/v2\/pages\/24836\/revisions"}],"predecessor-version":[{"id":62667,"href":"https:\/\/staging.gazfio.eu\/fr\/wp-json\/wp\/v2\/pages\/24836\/revisions\/62667"}],"wp:featuredmedia":[{"embeddable":true,"href":"https:\/\/staging.gazfio.eu\/fr\/wp-json\/wp\/v2\/media\/24837"}],"wp:attachment":[{"href":"https:\/\/staging.gazfio.eu\/fr\/wp-json\/wp\/v2\/media?parent=24836"}],"curies":[{"name":"wp","href":"https:\/\/api.w.org\/{rel}","templated":true}]}}