{"id":24835,"date":"2022-04-29T18:12:49","date_gmt":"2022-04-29T16:12:49","guid":{"rendered":"https:\/\/staging.gazfio.eu\/industries\/"},"modified":"2026-04-07T15:29:45","modified_gmt":"2026-04-07T13:29:45","slug":"industries","status":"publish","type":"page","link":"https:\/\/staging.gazfio.eu\/fr\/industries\/","title":{"rendered":"Industries"},"content":{"rendered":"\n<p>L&rsquo;industrie \u00e9nerg\u00e9tique s&rsquo;\u00e9tend \u00e0 l&rsquo;ensemble du globe et comprend des dizaines d&rsquo;\u00e9tapes impliquant divers acteurs de la cha\u00eene de valeur. Des entreprises qui extraient le p\u00e9trole et le gaz naturel (sur terre et en mer) aux producteurs d&rsquo;\u00e9nergies renouvelables, en passant par les soci\u00e9t\u00e9s de transport et de distribution de gaz. Pour tous ces acteurs, Pietro Fiorentini propose des solutions techniquement avanc\u00e9es qui r\u00e9pondent \u00e0 tous leurs besoins, garantissant ainsi une qualit\u00e9 et une s\u00e9curit\u00e9 optimales en toutes circonstances.<\/p>\n","protected":false},"excerpt":{"rendered":"<p>L&rsquo;industrie \u00e9nerg\u00e9tique s&rsquo;\u00e9tend \u00e0 l&rsquo;ensemble du globe et comprend des dizaines d&rsquo;\u00e9tapes impliquant divers acteurs de la cha\u00eene de valeur. Des entreprises qui extraient le p\u00e9trole et le gaz naturel (sur terre et en mer) aux producteurs d&rsquo;\u00e9nergies renouvelables, en passant par les soci\u00e9t\u00e9s de transport et de distribution de gaz. Pour tous ces acteurs, [&hellip;]<\/p>\n","protected":false},"author":15,"featured_media":3769,"parent":0,"menu_order":0,"comment_status":"closed","ping_status":"closed","template":"template-industries.php","meta":{"_acf_changed":false,"inline_featured_image":false,"footnotes":""},"class_list":["post-24835","page","type-page","status-publish","has-post-thumbnail","hentry"],"acf":[],"yoast_head":"<!-- This site is optimized with the Yoast SEO plugin v27.2 - https:\/\/yoast.com\/product\/yoast-seo-wordpress\/ -->\n<title>Industries - Pietro Fiorentini<\/title>\n<meta name=\"description\" content=\"Pietro Fiorentini offers advanced technical solutions that guarantee the highest level of quality and safety in all situations.\" \/>\n<meta name=\"robots\" content=\"index, follow, max-snippet:-1, max-image-preview:large, max-video-preview:-1\" \/>\n<link rel=\"canonical\" href=\"https:\/\/staging.gazfio.eu\/fr\/industries\/\" \/>\n<meta property=\"og:locale\" content=\"fr_FR\" \/>\n<meta property=\"og:type\" content=\"article\" \/>\n<meta property=\"og:title\" content=\"Industries - Pietro Fiorentini\" \/>\n<meta property=\"og:description\" content=\"Pietro Fiorentini offers advanced technical solutions that guarantee the highest level of quality and safety in all situations.\" \/>\n<meta property=\"og:url\" content=\"https:\/\/staging.gazfio.eu\/fr\/industries\/\" \/>\n<meta property=\"og:site_name\" content=\"Pietro Fiorentini\" \/>\n<meta property=\"article:modified_time\" content=\"2026-04-07T13:29:45+00:00\" \/>\n<meta property=\"og:image\" content=\"https:\/\/staging.gazfio.eu\/wp-content\/uploads\/2021\/03\/LP-IND_0-00_INDUSTRY-INDICE_212107669-1.jpg\" \/>\n\t<meta property=\"og:image:width\" content=\"1920\" \/>\n\t<meta property=\"og:image:height\" content=\"440\" \/>\n\t<meta property=\"og:image:type\" content=\"image\/jpeg\" \/>\n<meta name=\"twitter:card\" content=\"summary_large_image\" \/>\n<meta name=\"twitter:site\" content=\"@FiorentiniSpa\" \/>\n<meta name=\"twitter:label1\" content=\"Dur\u00e9e de lecture estim\u00e9e\" \/>\n\t<meta name=\"twitter:data1\" content=\"1 minute\" \/>\n<script type=\"application\/ld+json\" class=\"yoast-schema-graph\">{\"@context\":\"https:\/\/schema.org\",\"@graph\":[{\"@type\":\"WebPage\",\"@id\":\"https:\/\/staging.gazfio.eu\/fr\/industries\/\",\"url\":\"https:\/\/staging.gazfio.eu\/fr\/industries\/\",\"name\":\"Industries - Pietro Fiorentini\",\"isPartOf\":{\"@id\":\"https:\/\/staging.gazfio.eu\/fr\/#website\"},\"primaryImageOfPage\":{\"@id\":\"https:\/\/staging.gazfio.eu\/fr\/industries\/#primaryimage\"},\"image\":{\"@id\":\"https:\/\/staging.gazfio.eu\/fr\/industries\/#primaryimage\"},\"thumbnailUrl\":\"https:\/\/staging.gazfio.eu\/wp-content\/uploads\/2021\/03\/LP-IND_0-00_INDUSTRY-INDICE_212107669-1.jpg\",\"datePublished\":\"2022-04-29T16:12:49+00:00\",\"dateModified\":\"2026-04-07T13:29:45+00:00\",\"description\":\"Pietro Fiorentini offers advanced technical solutions that guarantee the highest level of quality and safety in all situations.\",\"breadcrumb\":{\"@id\":\"https:\/\/staging.gazfio.eu\/fr\/industries\/#breadcrumb\"},\"inLanguage\":\"fr-FR\",\"potentialAction\":[{\"@type\":\"ReadAction\",\"target\":[\"https:\/\/staging.gazfio.eu\/fr\/industries\/\"]}]},{\"@type\":\"ImageObject\",\"inLanguage\":\"fr-FR\",\"@id\":\"https:\/\/staging.gazfio.eu\/fr\/industries\/#primaryimage\",\"url\":\"https:\/\/staging.gazfio.eu\/wp-content\/uploads\/2021\/03\/LP-IND_0-00_INDUSTRY-INDICE_212107669-1.jpg\",\"contentUrl\":\"https:\/\/staging.gazfio.eu\/wp-content\/uploads\/2021\/03\/LP-IND_0-00_INDUSTRY-INDICE_212107669-1.jpg\",\"width\":1920,\"height\":440,\"caption\":\"Aerial view of twilight of oil refinery ,Shot from drone of Oil refinery and Petrochemical plant at dusk , Bangkok, Thailand\"},{\"@type\":\"BreadcrumbList\",\"@id\":\"https:\/\/staging.gazfio.eu\/fr\/industries\/#breadcrumb\",\"itemListElement\":[{\"@type\":\"ListItem\",\"position\":1,\"name\":\"Home\",\"item\":\"https:\/\/staging.gazfio.eu\/fr\/\"},{\"@type\":\"ListItem\",\"position\":2,\"name\":\"Industries\"}]},{\"@type\":\"WebSite\",\"@id\":\"https:\/\/staging.gazfio.eu\/fr\/#website\",\"url\":\"https:\/\/staging.gazfio.eu\/fr\/\",\"name\":\"Pietro Fiorentini\",\"description\":\"\",\"publisher\":{\"@id\":\"https:\/\/staging.gazfio.eu\/fr\/#organization\"},\"potentialAction\":[{\"@type\":\"SearchAction\",\"target\":{\"@type\":\"EntryPoint\",\"urlTemplate\":\"https:\/\/staging.gazfio.eu\/fr\/?s={search_term_string}\"},\"query-input\":{\"@type\":\"PropertyValueSpecification\",\"valueRequired\":true,\"valueName\":\"search_term_string\"}}],\"inLanguage\":\"fr-FR\"},{\"@type\":\"Organization\",\"@id\":\"https:\/\/staging.gazfio.eu\/fr\/#organization\",\"name\":\"Pietro Fiorentini SpA\",\"url\":\"https:\/\/staging.gazfio.eu\/fr\/\",\"logo\":{\"@type\":\"ImageObject\",\"inLanguage\":\"fr-FR\",\"@id\":\"https:\/\/staging.gazfio.eu\/fr\/#\/schema\/logo\/image\/\",\"url\":\"https:\/\/www.fiorentini-usa.com\/wp-content\/uploads\/2020\/11\/logo.svg\",\"contentUrl\":\"https:\/\/www.fiorentini-usa.com\/wp-content\/uploads\/2020\/11\/logo.svg\",\"width\":227,\"height\":59,\"caption\":\"Pietro Fiorentini SpA\"},\"image\":{\"@id\":\"https:\/\/staging.gazfio.eu\/fr\/#\/schema\/logo\/image\/\"},\"sameAs\":[\"https:\/\/x.com\/FiorentiniSpa\"]}]}<\/script>\n<!-- \/ Yoast SEO plugin. -->","yoast_head_json":{"title":"Industries - Pietro Fiorentini","description":"Pietro Fiorentini offers advanced technical solutions that guarantee the highest level of quality and safety in all situations.","robots":{"index":"index","follow":"follow","max-snippet":"max-snippet:-1","max-image-preview":"max-image-preview:large","max-video-preview":"max-video-preview:-1"},"canonical":"https:\/\/staging.gazfio.eu\/fr\/industries\/","og_locale":"fr_FR","og_type":"article","og_title":"Industries - Pietro Fiorentini","og_description":"Pietro Fiorentini offers advanced technical solutions that guarantee the highest level of quality and safety in all situations.","og_url":"https:\/\/staging.gazfio.eu\/fr\/industries\/","og_site_name":"Pietro Fiorentini","article_modified_time":"2026-04-07T13:29:45+00:00","og_image":[{"width":1920,"height":440,"url":"https:\/\/staging.gazfio.eu\/wp-content\/uploads\/2021\/03\/LP-IND_0-00_INDUSTRY-INDICE_212107669-1.jpg","type":"image\/jpeg"}],"twitter_card":"summary_large_image","twitter_site":"@FiorentiniSpa","twitter_misc":{"Dur\u00e9e de lecture estim\u00e9e":"1 minute"},"schema":{"@context":"https:\/\/schema.org","@graph":[{"@type":"WebPage","@id":"https:\/\/staging.gazfio.eu\/fr\/industries\/","url":"https:\/\/staging.gazfio.eu\/fr\/industries\/","name":"Industries - Pietro Fiorentini","isPartOf":{"@id":"https:\/\/staging.gazfio.eu\/fr\/#website"},"primaryImageOfPage":{"@id":"https:\/\/staging.gazfio.eu\/fr\/industries\/#primaryimage"},"image":{"@id":"https:\/\/staging.gazfio.eu\/fr\/industries\/#primaryimage"},"thumbnailUrl":"https:\/\/staging.gazfio.eu\/wp-content\/uploads\/2021\/03\/LP-IND_0-00_INDUSTRY-INDICE_212107669-1.jpg","datePublished":"2022-04-29T16:12:49+00:00","dateModified":"2026-04-07T13:29:45+00:00","description":"Pietro Fiorentini offers advanced technical solutions that guarantee the highest level of quality and safety in all situations.","breadcrumb":{"@id":"https:\/\/staging.gazfio.eu\/fr\/industries\/#breadcrumb"},"inLanguage":"fr-FR","potentialAction":[{"@type":"ReadAction","target":["https:\/\/staging.gazfio.eu\/fr\/industries\/"]}]},{"@type":"ImageObject","inLanguage":"fr-FR","@id":"https:\/\/staging.gazfio.eu\/fr\/industries\/#primaryimage","url":"https:\/\/staging.gazfio.eu\/wp-content\/uploads\/2021\/03\/LP-IND_0-00_INDUSTRY-INDICE_212107669-1.jpg","contentUrl":"https:\/\/staging.gazfio.eu\/wp-content\/uploads\/2021\/03\/LP-IND_0-00_INDUSTRY-INDICE_212107669-1.jpg","width":1920,"height":440,"caption":"Aerial view of twilight of oil refinery ,Shot from drone of Oil refinery and Petrochemical plant at dusk , Bangkok, Thailand"},{"@type":"BreadcrumbList","@id":"https:\/\/staging.gazfio.eu\/fr\/industries\/#breadcrumb","itemListElement":[{"@type":"ListItem","position":1,"name":"Home","item":"https:\/\/staging.gazfio.eu\/fr\/"},{"@type":"ListItem","position":2,"name":"Industries"}]},{"@type":"WebSite","@id":"https:\/\/staging.gazfio.eu\/fr\/#website","url":"https:\/\/staging.gazfio.eu\/fr\/","name":"Pietro Fiorentini","description":"","publisher":{"@id":"https:\/\/staging.gazfio.eu\/fr\/#organization"},"potentialAction":[{"@type":"SearchAction","target":{"@type":"EntryPoint","urlTemplate":"https:\/\/staging.gazfio.eu\/fr\/?s={search_term_string}"},"query-input":{"@type":"PropertyValueSpecification","valueRequired":true,"valueName":"search_term_string"}}],"inLanguage":"fr-FR"},{"@type":"Organization","@id":"https:\/\/staging.gazfio.eu\/fr\/#organization","name":"Pietro Fiorentini SpA","url":"https:\/\/staging.gazfio.eu\/fr\/","logo":{"@type":"ImageObject","inLanguage":"fr-FR","@id":"https:\/\/staging.gazfio.eu\/fr\/#\/schema\/logo\/image\/","url":"https:\/\/www.fiorentini-usa.com\/wp-content\/uploads\/2020\/11\/logo.svg","contentUrl":"https:\/\/www.fiorentini-usa.com\/wp-content\/uploads\/2020\/11\/logo.svg","width":227,"height":59,"caption":"Pietro Fiorentini SpA"},"image":{"@id":"https:\/\/staging.gazfio.eu\/fr\/#\/schema\/logo\/image\/"},"sameAs":["https:\/\/x.com\/FiorentiniSpa"]}]}},"_links":{"self":[{"href":"https:\/\/staging.gazfio.eu\/fr\/wp-json\/wp\/v2\/pages\/24835","targetHints":{"allow":["GET"]}}],"collection":[{"href":"https:\/\/staging.gazfio.eu\/fr\/wp-json\/wp\/v2\/pages"}],"about":[{"href":"https:\/\/staging.gazfio.eu\/fr\/wp-json\/wp\/v2\/types\/page"}],"author":[{"embeddable":true,"href":"https:\/\/staging.gazfio.eu\/fr\/wp-json\/wp\/v2\/users\/15"}],"replies":[{"embeddable":true,"href":"https:\/\/staging.gazfio.eu\/fr\/wp-json\/wp\/v2\/comments?post=24835"}],"version-history":[{"count":2,"href":"https:\/\/staging.gazfio.eu\/fr\/wp-json\/wp\/v2\/pages\/24835\/revisions"}],"predecessor-version":[{"id":62686,"href":"https:\/\/staging.gazfio.eu\/fr\/wp-json\/wp\/v2\/pages\/24835\/revisions\/62686"}],"wp:featuredmedia":[{"embeddable":true,"href":"https:\/\/staging.gazfio.eu\/fr\/wp-json\/wp\/v2\/media\/3769"}],"wp:attachment":[{"href":"https:\/\/staging.gazfio.eu\/fr\/wp-json\/wp\/v2\/media?parent=24835"}],"curies":[{"name":"wp","href":"https:\/\/api.w.org\/{rel}","templated":true}]}}